{"id":2,"date":"2023-11-20T20:49:20","date_gmt":"2023-11-20T20:49:20","guid":{"rendered":"https:\/\/iltrio.fi\/?page_id=2"},"modified":"2026-05-11T17:05:34","modified_gmt":"2026-05-11T15:05:34","slug":"lounas","status":"publish","type":"page","link":"https:\/\/iltrio.fi\/en\/lounas\/","title":{"rendered":"Lunch"},"content":{"rendered":"<div class=\"wpb-content-wrapper\"><div class=\"vc_row wpb_row vc_row-fluid eltd-section eltd-content-aligment-left\" style=\"\"><div class=\"clearfix eltd-full-section-inner\"><div class=\"wpb_column vc_column_container vc_col-sm-12\"><div class=\"vc_column-inner\"><div class=\"wpb_wrapper\">\n\t<div class=\"wpb_text_column wpb_content_element\" >\n\t\t<div class=\"wpb_wrapper\">\n\t\t\t<p><span style=\"color: #000000;\"><\/p>\n\n\t\t<\/div>\n\t<\/div>\n<\/div><\/div><\/div><\/div><\/div><div class=\"vc_row wpb_row vc_row-fluid eltd-section eltd-content-aligment-left\" style=\"\"><div class=\"clearfix eltd-full-section-inner\"><div class=\"wpb_column vc_column_container vc_col-sm-12\"><div class=\"vc_column-inner\"><div class=\"wpb_wrapper\">\n\t<div class=\"wpb_text_column wpb_content_element\" >\n\t\t<div class=\"wpb_wrapper\">\n\t\t\t<p>\u00a0<\/span><\/p>\n<p style=\"text-align: center;\"><span style=\"color: #000000;\"><strong>MAANANTAI 11.5.<\/strong><\/span><\/p>\n<p style=\"text-align: center;\"><span style=\"color: #000000;\">SULJETTU<\/span><\/p>\n<hr \/>\n<p style=\"text-align: center;\"><span style=\"color: #000000;\"><strong>TIISTAI 12.5.<br \/>\n<span style=\"color: #000000;\">LUNCH TIME 11.00\u201315.00<\/span><br \/>\n<\/strong><\/span><\/p>\n<p style=\"text-align: center;\"><strong><span style=\"color: #000000;\">PASTA ALLA CRUDAIOLA 14,00<\/span><\/strong><br \/>\n<em><span style=\"color: #000000;\">pasta, cherry tomato, onion, basil, parmesan<\/span><\/em><\/p>\n<p style=\"text-align: center;\"><strong><span style=\"color: #000000;\">PASTA ALLA SIRACUSANA 14,00<\/span><\/strong><br \/>\n<em><span style=\"color: #000000;\">pasta, minced meat sauce, chili, cream, parmesan<\/span><\/em><\/p>\n<p style=\"text-align: center;\"><strong><span style=\"color: #000000;\">PIZZA TONNO E CIPOLLA 14,00<\/span><\/strong><br \/>\n<em><span style=\"color: #000000;\">tomato sauce, fior di latte mozzarella, tuna, onion<\/span><\/em><\/p>\n<p style=\"text-align: center;\"><strong><span style=\"color: #000000;\">POLLO ALLA GRIGLIA 15,90<\/span><\/strong><br \/>\n<em><span style=\"color: #000000;\">grillattu broilerin rintafilee hollandaisekastikkeella, friteeratut perunat ja kasvikset<\/span><\/em><\/p>\n<hr \/>\n<p style=\"text-align: center;\"><span style=\"color: #000000;\"><strong>KESKIVIIKKO 13.5.<br \/>\n<\/strong><strong>LUNCH TIME 11.00\u201315.00<\/strong><\/span><\/p>\n<div class=\"flex flex-col text-sm pb-25\">\n<article class=\"text-token-text-primary w-full focus:outline-none &#091;--shadow-height:45px&#093; has-data-writing-block:pointer-events-none has-data-writing-block:-mt-(--shadow-height) has-data-writing-block:pt-(--shadow-height) &#091;&amp;:has(&#091;data-writing-block&#093;)&gt;*&#093;:pointer-events-auto &#091;content-visibility:auto&#093; supports-&#091;content-visibility:auto&#093;:&#091;contain-intrinsic-size:auto_100lvh&#093; scroll-mt-&#091;calc(var(--header-height)+min(200px,max(70px,20svh)))&#093;\" dir=\"auto\" tabindex=\"-1\" data-turn-id=\"request-WEB:f238f716-8f70-44bd-acbf-137c4065d4be-0\" data-testid=\"conversation-turn-2\" data-scroll-anchor=\"true\" data-turn=\"assistant\">\n<div class=\"text-base my-auto mx-auto pb-10 &#091;--thread-content-margin:--spacing(4)&#093; @w-sm\/main:&#091;--thread-content-margin:--spacing(6)&#093; @w-lg\/main:&#091;--thread-content-margin:--spacing(16)&#093; px-(--thread-content-margin)\">\n<div class=\"&#091;--thread-content-max-width:40rem&#093; @w-lg\/main:&#091;--thread-content-max-width:48rem&#093; mx-auto max-w-(--thread-content-max-width) flex-1 group\/turn-messages focus-visible:outline-hidden relative flex w-full min-w-0 flex-col agent-turn\" tabindex=\"-1\">\n<div class=\"flex max-w-full flex-col grow\">\n<div class=\"min-h-8 text-message relative flex w-full flex-col items-end gap-2 text-start break-words whitespace-normal &#091;.text-message+&amp;&#093;:mt-1\" dir=\"auto\" data-message-author-role=\"assistant\" data-message-id=\"46b6c9ac-86e8-4419-8ad1-1a7e169c3dc4\" data-message-model-slug=\"gpt-5-2\">\n<div class=\"flex w-full flex-col gap-1 empty:hidden first:pt-&#091;1px&#093;\">\n<div class=\"markdown prose dark:prose-invert w-full wrap-break-word dark markdown-new-styling\">\n<p style=\"text-align: center;\"><strong>RIGATONI CON SALSICCIA 14,00<\/strong><br \/>\n<em>pasta, sausage, onion, tomato sauce, parmesan<\/em><\/p>\n<p style=\"text-align: center;\"><strong>PAPPARDELLE AL FUNGHI 14,00<\/strong><br \/>\n<em>pappardelle, sieni\u00e4, kerma, parmesaani<\/em><\/p>\n<p style=\"text-align: center;\"><strong>PIZZA VEGETARIANA 14,00<\/strong><br \/>\n<em>tomaattikastike, fior di latte mozzarella, paprika, kes\u00e4kurpitsa, sipuli, basilika<\/em><\/p>\n<p style=\"text-align: center;\"><strong>SALTIMBOCCA ALLA ROMANA 16,90<\/strong><br \/>\n<em>vasikanlihaa, voi-oliivi\u00f6ljyss\u00e4 paistettuna, salviaa, parmankinkkua, kasvikset<\/em><\/p>\n<hr data-start=\"961\" data-end=\"964\" \/>\n<p style=\"text-align: center;\"><span style=\"color: #000000;\"><strong>TORSTAI 14.5.<br \/>\n<\/strong><strong>OPEN 12.00\u201321.00<\/strong><\/span><\/p>\n<p style=\"text-align: center;\"><span style=\"color: #000000;\">Helatorstai on vuotuinen kristillinen juhla,<\/span><br \/>\n<span style=\"color: #000000;\">jota vietet\u00e4\u00e4n 40 p\u00e4iv\u00e4\u00e4 p\u00e4\u00e4si\u00e4isen j\u00e4lkeen.<\/span><br \/>\n<span style=\"color: #000000;\">Meill\u00e4 ei tarjota lounasta sin\u00e4 p\u00e4iv\u00e4n\u00e4.<\/span><br \/>\n<span style=\"color: #000000;\">A la Carte saa.<\/span><br \/>\n<span style=\"color: #000000;\">Rauhallista Pyh\u00e4p\u00e4iv\u00e4\u00e4<\/span><\/p>\n<hr data-start=\"1360\" data-end=\"1363\" \/>\n<p style=\"text-align: center;\"><span style=\"color: #000000;\"><strong>PERJANTAI 15.5.<br \/>\n<\/strong><strong>KLO 12.00\u201322.00<\/strong><br \/>\n<\/span><\/p>\n<p style=\"text-align: center;\"><strong><span style=\"color: #000000;\">RISOTTO DEL PASTORE 14,00<\/span><\/strong><br \/>\n<em><span style=\"color: #000000;\">risotto, kana, gorgonzola, sienet, kerma, parmesaani<\/span><\/em><\/p>\n<p style=\"text-align: center;\"><strong><span style=\"color: #000000;\">PASTA ALL\u2019ARRABBIATA 14,00<\/span><\/strong><br \/>\n<em><span style=\"color: #000000;\">pasta, valkosipuli, chili, tomaattikastike, parmesaani<\/span><\/em><\/p>\n<p style=\"text-align: center;\"><strong><span style=\"color: #000000;\">SALAMI PIZZA 14,00<\/span><\/strong><br \/>\n<em><span style=\"color: #000000;\">Napoli-salami, calabrialainen salami, tuore chili, punasipuli, fior di latte mozzarella, tomaattikastike<\/span><\/em><\/p>\n<p style=\"text-align: center;\"><strong><span style=\"color: #000000;\">LUCIOPERCA AL LIMONE 16,90<\/span><\/strong><br \/>\n<em><span style=\"color: #000000;\">paistettu kuhafile, sitruunakastike, kasvikset<\/span><\/em><\/p>\n<hr \/>\n<\/div>\n<\/div>\n<\/div>\n<\/div>\n<\/div>\n<\/div>\n<\/article>\n<\/div>\n<p style=\"text-align: center;\"><span style=\"color: #000000;\">V = Vegan, VL = Low lactose, L = Lactose free, G = Gluten free, M = Dairy free, Mu = Egg free<\/span><\/p>\n<p style=\"text-align: center;\"><span style=\"color: #000000;\"><em>\u00a0<\/em><\/span><\/p>\n<p style=\"text-align: center;\"><span style=\"color: #000000;\">INCLUDED IN LUNCH IS<\/span><br \/>\n<span style=\"color: #000000;\">STARTER SALAD, COFFEE, TEA, BREAD AND WATER<\/span><\/p>\n<div id=\"gtx-trans\" style=\"position: absolute; left: 552px; top: 1347px;\">\n<div class=\"gtx-trans-icon\"><\/div>\n<\/div>\n\n\t\t<\/div>\n\t<\/div>\n<\/div><\/div><\/div><\/div><\/div><div class=\"vc_row wpb_row vc_row-fluid eltd-section eltd-content-aligment-left\" style=\"\"><div class=\"clearfix eltd-full-section-inner\"><div class=\"wpb_column vc_column_container vc_col-sm-12\"><div class=\"vc_column-inner\"><div class=\"wpb_wrapper\">\n\t<div class=\"wpb_text_column wpb_content_element\" >\n\t\t<div class=\"wpb_wrapper\">\n\t\t\t\n\t\t<\/div>\n\t<\/div>\n<\/div><\/div><\/div><\/div><\/div>\n<\/div>","protected":false},"excerpt":{"rendered":"\u00a0 MAANANTAI 11.5. SULJETTU TIISTAI 12.5. KLO 11.00\u201315.00 PASTA ALLA CRUDAIOLA 14,00 pasta, kirsikkatomaatti, sipuli, basilika, parmesaani PASTA ALLA SIRACUSANA 14,00 pasta, jauhelihakastike, chili, kerma, parmesaani PIZZA TONNO E CIPOLLA 14,00 tomaattikastike, fior di latte mozzarella, tonnikala, sipuli POLLO ALLA GRIGLIA 15,90 grillattu broilerin rintafilee...","protected":false},"author":1,"featured_media":0,"parent":0,"menu_order":0,"comment_status":"closed","ping_status":"closed","template":"","meta":{"footnotes":""},"class_list":["post-2","page","type-page","status-publish","hentry"],"_links":{"self":[{"href":"https:\/\/iltrio.fi\/en\/wp-json\/wp\/v2\/pages\/2","targetHints":{"allow":["GET"]}}],"collection":[{"href":"https:\/\/iltrio.fi\/en\/wp-json\/wp\/v2\/pages"}],"about":[{"href":"https:\/\/iltrio.fi\/en\/wp-json\/wp\/v2\/types\/page"}],"author":[{"embeddable":true,"href":"https:\/\/iltrio.fi\/en\/wp-json\/wp\/v2\/users\/1"}],"replies":[{"embeddable":true,"href":"https:\/\/iltrio.fi\/en\/wp-json\/wp\/v2\/comments?post=2"}],"version-history":[{"count":334,"href":"https:\/\/iltrio.fi\/en\/wp-json\/wp\/v2\/pages\/2\/revisions"}],"predecessor-version":[{"id":9255,"href":"https:\/\/iltrio.fi\/en\/wp-json\/wp\/v2\/pages\/2\/revisions\/9255"}],"wp:attachment":[{"href":"https:\/\/iltrio.fi\/en\/wp-json\/wp\/v2\/media?parent=2"}],"curies":[{"name":"wp","href":"https:\/\/api.w.org\/{rel}","templated":true}]}}