{"id":6032,"date":"2016-10-03T10:28:23","date_gmt":"2016-10-03T10:28:23","guid":{"rendered":"http:\/\/savory.elated-themes.com\/?page_id=6032"},"modified":"2025-10-05T14:24:57","modified_gmt":"2025-10-05T12:24:57","slug":"iltrio","status":"publish","type":"page","link":"https:\/\/iltrio.fi\/en\/","title":{"rendered":"il Trio"},"content":{"rendered":"<div class=\"wpb-content-wrapper\"><div class=\"vc_row wpb_row vc_row-fluid eltd-section vc_custom_1476866109634 eltd-content-aligment-left eltd-grid-section\" style=\"\"><div class=\"clearfix eltd-section-inner\"><div class=\"eltd-section-inner-margin clearfix\"><div class=\"wpb_column vc_column_container vc_col-sm-12 vc_col-md-6\"><div class=\"vc_column-inner\"><div class=\"wpb_wrapper\"><div class=\"eltd-section-title-outer-holder\" style=\"text-align: center\">\n\n\t\n\t\t\t<div class=\"eltd-section-title-title-holder\">\n\t\t\t\t<h2 class=\"eltd-section-title\" style=\";font-size: 60px;;font-weight: 200;line-height: 72px;;;\">\n\t\t\t\til Trio vie sinut l\u00e4hemm\u00e4ksi italiaa sy\u00f6dess\u00e4si\t\t\t\t<\/h2>\n\t\t<\/div>\n\t\n<\/div><div class=\"vc_empty_space\"   style=\"height: 30px\"><span class=\"vc_empty_space_inner\"><\/span><\/div><\/div><\/div><\/div><div class=\"wpb_column vc_column_container vc_col-sm-12 vc_col-md-6\"><div class=\"vc_column-inner\"><div class=\"wpb_wrapper\"><div class=\"vc_empty_space\"   style=\"height: 3px\"><span class=\"vc_empty_space_inner\"><\/span><\/div>\n\t<div class=\"wpb_text_column wpb_content_element\" >\n\t\t<div class=\"wpb_wrapper\">\n\t\t\t<p>Italialainen keitti\u00f6 on tunnettu korostuksestaan tuoreisiin, laadukkaisiin raaka-aineisiin ja yksinkertaisiin valmistusmenetelmiin. Perusruokia ovat pasta ja pizza, joissa on alueellisia vaihteluita. Oliv\u00f6ljy, erilaiset juustot ja merenel\u00e4v\u00e4t ovat keskeisi\u00e4 elementtej\u00e4. Antipasti, risotto ja herkulliset j\u00e4lkiruoat kuten tiramisu ja cannoli ovat suosittuja.<\/p>\n\n\t\t<\/div>\n\t<\/div>\n<div class=\"vc_empty_space\"   style=\"height: 13px\"><span class=\"vc_empty_space_inner\"><\/span><\/div>\n\t<div class=\"wpb_text_column wpb_content_element\" >\n\t\t<div class=\"wpb_wrapper\">\n\t\t\t<p>Italialaiset viinit, jotka valmistetaan alueilla kuten Toscana ja Piemonte, t\u00e4ydent\u00e4v\u00e4t monipuolisia makuja. Keitti\u00f6 on voimakkaasti alueellinen, esitellen paikallisia erikoisuuksia. Yleisesti ottaen italialainen ruoka juhlistaa makuja, heijastaen intohimoa laadukkaiden ja yksinkertaisten makujen puolesta.<\/p>\n\n\t\t<\/div>\n\t<\/div>\n<div class=\"vc_empty_space\"   style=\"height: 30px\"><span class=\"vc_empty_space_inner\"><\/span><\/div><\/div><\/div><\/div><\/div><\/div><\/div><div data-eltd-parallax-speed=\"1\" data-eltd-parallax-bgnd='[\"https:\\\/\\\/iltrio.fi\\\/wp-content\\\/uploads\\\/2016\\\/10\\\/home4-urban-paralax-1.jpg\",1920,1000,false]' class=\"vc_row wpb_row vc_row-fluid eltd-section vc_custom_1476866134773 eltd-content-aligment-center eltd-parallax-section-holder eltd-grid-section\" style=\"background-image:url(https:\/\/iltrio.fi\/wp-content\/uploads\/2016\/10\/home4-urban-paralax-1.jpg);\"><div class=\"clearfix eltd-section-inner\"><div class=\"eltd-section-inner-margin clearfix\"><div class=\"wpb_column vc_column_container vc_col-sm-12 vc_col-lg-offset-2 vc_col-lg-8 vc_col-md-offset-1 vc_col-md-10\"><div class=\"vc_column-inner vc_custom_1478274674107\"><div class=\"wpb_wrapper\"><div class=\"eltd-section-title-outer-holder\" style=\"text-align: center\">\n\n\t\n\t\t\t<div class=\"eltd-section-title-title-holder\">\n\t\t\t\t<h2 class=\"eltd-section-title\" style=\";font-size: 60px;color: #ffffff;font-weight: 200;line-height: 72px;;;\">\n\t\t\t\tAika nauttia\t\t\t\t<\/h2>\n\t\t<\/div>\n\t\n<\/div>\n\t<div class=\"wpb_text_column wpb_content_element\" >\n\t\t<div class=\"wpb_wrapper\">\n\t\t\t<h4><span style=\"color: #ffffff;\">Tutustu makujen rikkaaseen maailmaan il Trio -ravintolassa. Ruokalistamme yhdistelee taitavasti aitoja italialaisia ruokaperinteit\u00e4 modernilla otteella, tarjoten iloisen matkan k\u00e4sin tehtyjen pastojen, taiteellisten pizzojen ja herkullisten j\u00e4lkiruokien parissa.<\/span><\/h4>\n\n\t\t<\/div>\n\t<\/div>\n<div class=\"vc_empty_space\"   style=\"height: 32px\"><span class=\"vc_empty_space_inner\"><\/span><\/div><a href=\"\/Menu\/\" target=\"_self\"  class=\"eltd-btn eltd-btn-medium eltd-btn-solid eltd-btn-hover-animation eltd-btn-sweep-from-left\"  >\n\t\t\t<div class=\"eltd-btn-hover-overlay\"><\/div>\n\t    <span class=\"eltd-btn-text\">Katso Menu<\/span>\n    <\/a><\/div><\/div><\/div><\/div><\/div><\/div><div class=\"vc_row wpb_row vc_row-fluid eltd-section vc_custom_1476866162877 eltd-content-aligment-center eltd-grid-section\" style=\"\"><div class=\"clearfix eltd-section-inner\"><div class=\"eltd-section-inner-margin clearfix\"><div class=\"wpb_column vc_column_container vc_col-sm-12 vc_col-lg-offset-2 vc_col-lg-8 vc_col-md-offset-1 vc_col-md-10\"><div class=\"vc_column-inner vc_custom_1478274804961\"><div class=\"wpb_wrapper\"><div class=\"eltd-section-title-outer-holder\" style=\"text-align: center\">\n\n\t\n\t\t\t<div class=\"eltd-section-title-title-holder\">\n\t\t\t\t<h2 class=\"eltd-section-title\" style=\";font-size: 60px;;font-weight: 200;line-height: 72px;;;\">\n\t\t\t\tHerkullinen italialainen ruoka\t\t\t\t<\/h2>\n\t\t<\/div>\n\t\n<\/div>\n\t<div class=\"wpb_text_column wpb_content_element\" >\n\t\t<div class=\"wpb_wrapper\">\n\t\t\t<p>Tervetuloa <strong>il Trio<\/strong>:n! Tarjoamme teille aitoa italialaista makumaailmaa parhaimmillaan. Herkullisista pastoista ja pizzoista hienostuneisiin alkuruokiin sek\u00e4 herkullisiin j\u00e4lkiruokiin, jokainen annoksemme on huolella valmistettu intohimolla ja laadukkaista raaka-aineista.<\/p>\n<p>Valikoimamme sis\u00e4lt\u00e4\u00e4 my\u00f6s hienoja italialaisia viinej\u00e4 t\u00e4ydent\u00e4m\u00e4\u00e4n makuel\u00e4myst\u00e4nne. Toivomme, ett\u00e4 <strong>il Trio<\/strong> tarjoaa teille ikimuistoisen matkan Italian gastronomian maailmaan.<\/p>\n\n\t\t<\/div>\n\t<\/div>\n<div class=\"vc_empty_space\"   style=\"height: 64px\"><span class=\"vc_empty_space_inner\"><\/span><\/div><\/div><\/div><\/div><\/div><\/div><\/div><div class=\"vc_row wpb_row vc_row-fluid eltd-section eltd-content-aligment-left\" style=\"\"><div class=\"clearfix eltd-full-section-inner\"><div class=\"wpb_column vc_column_container vc_col-sm-12\"><div class=\"vc_column-inner\"><div class=\"wpb_wrapper\"><div class=\"eltd-elements-holder eltd-three-columns eltd-responsive-mode-768\" ><div class=\"eltd-elements-holder-item \" data-item-class=\"eltd-elements-holder-custom-547834\" data-600-768=\"0 17% 30px 17%\" >\n\t<div class=\"eltd-elements-holder-item-inner\">\n\t\t<div class=\"eltd-elements-holder-item-content eltd-elements-holder-custom-547834\" style=\"padding: 0 0 0 0\">\n\t\t\t<div class=\"eltd-info-box-holder eltd-detailed eltd-interactive eltd-light eltd-info-box-with-image\">\n\t<div class=\"eltd-info-box-inner\">\n\t\t<div class=\"eltd-ib-front-holder\">\n\t\t\t<div class=\"eltd-ib-front-holder-inner\">\n\t\t\t\t<div class=\"eltd-ib-top-holder\">\n\t\t\t\t\t\n\t\t\t\t\t\t\t\t\t<\/div>\n\n\t\t\t\t<div class=\"eltd-ib-bottom-holder\">\n\t\t\t\t\t\n\t\t\t\t\t\t\t\t\t<\/div>\n\t\t\t<\/div>\n\n\t\t<\/div>\n\t\t\t\t<div class=\"eltd-ib-overlay\" style=\"background-image: url(https:\/\/iltrio.fi\/wp-content\/uploads\/2023\/12\/image-1.jpg)\"><\/div>\n\t\t\t<\/div>\n<\/div>\t\t<\/div>\n\t<\/div>\n<\/div><div class=\"eltd-elements-holder-item \" data-item-class=\"eltd-elements-holder-custom-114815\" data-600-768=\"0 17% 30px 17%\" >\n\t<div class=\"eltd-elements-holder-item-inner\">\n\t\t<div class=\"eltd-elements-holder-item-content eltd-elements-holder-custom-114815\" style=\"padding: 0 0 0 0\">\n\t\t\t<div class=\"eltd-info-box-holder eltd-detailed eltd-interactive eltd-light eltd-info-box-with-image\">\n\t<div class=\"eltd-info-box-inner\">\n\t\t<div class=\"eltd-ib-front-holder\">\n\t\t\t<div class=\"eltd-ib-front-holder-inner\">\n\t\t\t\t<div class=\"eltd-ib-top-holder\">\n\t\t\t\t\t\n\t\t\t\t\t\t\t\t\t<\/div>\n\n\t\t\t\t<div class=\"eltd-ib-bottom-holder\">\n\t\t\t\t\t\n\t\t\t\t\t\t\t\t\t<\/div>\n\t\t\t<\/div>\n\n\t\t<\/div>\n\t\t\t\t<div class=\"eltd-ib-overlay\" style=\"background-image: url(https:\/\/iltrio.fi\/wp-content\/uploads\/2023\/12\/image-2.jpg)\"><\/div>\n\t\t\t<\/div>\n<\/div>\t\t<\/div>\n\t<\/div>\n<\/div><div class=\"eltd-elements-holder-item \" data-item-class=\"eltd-elements-holder-custom-531697\" data-600-768=\"0 17% 0 17%\" >\n\t<div class=\"eltd-elements-holder-item-inner\">\n\t\t<div class=\"eltd-elements-holder-item-content eltd-elements-holder-custom-531697\" style=\"padding: 0 0 0 0\">\n\t\t\t<div class=\"eltd-info-box-holder eltd-detailed eltd-interactive eltd-light eltd-info-box-with-image\">\n\t<div class=\"eltd-info-box-inner\">\n\t\t<div class=\"eltd-ib-front-holder\">\n\t\t\t<div class=\"eltd-ib-front-holder-inner\">\n\t\t\t\t<div class=\"eltd-ib-top-holder\">\n\t\t\t\t\t\n\t\t\t\t\t\t\t\t\t<\/div>\n\n\t\t\t\t<div class=\"eltd-ib-bottom-holder\">\n\t\t\t\t\t\n\t\t\t\t\t\t\t\t\t<\/div>\n\t\t\t<\/div>\n\n\t\t<\/div>\n\t\t\t\t<div class=\"eltd-ib-overlay\" style=\"background-image: url(https:\/\/iltrio.fi\/wp-content\/uploads\/2023\/12\/image-3.jpg)\"><\/div>\n\t\t\t<\/div>\n<\/div>\t\t<\/div>\n\t<\/div>\n<\/div><\/div><\/div><\/div><\/div><\/div><\/div>\n<\/div>","protected":false},"excerpt":{"rendered":"il Trio vie sinut l\u00e4hemm\u00e4ksi italiaa sy\u00f6dess\u00e4si Italialainen keitti\u00f6 on tunnettu korostuksestaan tuoreisiin, laadukkaisiin raaka-aineisiin ja yksinkertaisiin valmistusmenetelmiin. Perusruokia ovat pasta ja pizza, joissa on alueellisia vaihteluita. Oliv\u00f6ljy, erilaiset juustot ja merenel\u00e4v\u00e4t ovat keskeisi\u00e4 elementtej\u00e4. Antipasti, risotto ja herkulliset j\u00e4lkiruoat kuten tiramisu ja cannoli ovat...","protected":false},"author":1,"featured_media":0,"parent":0,"menu_order":0,"comment_status":"closed","ping_status":"closed","template":"full-width.php","meta":{"footnotes":""},"class_list":["post-6032","page","type-page","status-publish","hentry"],"_links":{"self":[{"href":"https:\/\/iltrio.fi\/en\/wp-json\/wp\/v2\/pages\/6032","targetHints":{"allow":["GET"]}}],"collection":[{"href":"https:\/\/iltrio.fi\/en\/wp-json\/wp\/v2\/pages"}],"about":[{"href":"https:\/\/iltrio.fi\/en\/wp-json\/wp\/v2\/types\/page"}],"author":[{"embeddable":true,"href":"https:\/\/iltrio.fi\/en\/wp-json\/wp\/v2\/users\/1"}],"replies":[{"embeddable":true,"href":"https:\/\/iltrio.fi\/en\/wp-json\/wp\/v2\/comments?post=6032"}],"version-history":[{"count":16,"href":"https:\/\/iltrio.fi\/en\/wp-json\/wp\/v2\/pages\/6032\/revisions"}],"predecessor-version":[{"id":8487,"href":"https:\/\/iltrio.fi\/en\/wp-json\/wp\/v2\/pages\/6032\/revisions\/8487"}],"wp:attachment":[{"href":"https:\/\/iltrio.fi\/en\/wp-json\/wp\/v2\/media?parent=6032"}],"curies":[{"name":"wp","href":"https:\/\/api.w.org\/{rel}","templated":true}]}}