{"id":8551,"date":"2024-01-01T19:10:24","date_gmt":"2024-01-01T17:10:24","guid":{"rendered":"https:\/\/iltrio.fi\/?page_id=8551"},"modified":"2025-12-03T18:47:25","modified_gmt":"2025-12-03T16:47:25","slug":"ryhmamenu","status":"publish","type":"page","link":"https:\/\/iltrio.fi\/en\/ryhmamenu\/","title":{"rendered":"Group Menu"},"content":{"rendered":"<p style=\"text-align: center;\"><strong><span style=\"color: #ff0000;\">NOTE! The menu is available on weekdays after 15:00<br \/>\nand on Saturdays already at the very beginning<\/span><\/strong><\/p>\n<p style=\"text-align: center;\">Each menu includes a starter, main course and dessert as well<br \/>\n12cl house red or white wine<\/p>\n<h2 style=\"text-align: center;\">Menu 1<\/h2>\n<p style=\"text-align: center;\">44,50\u20ac<\/p>\n<p style=\"text-align: center;\"><strong>BURRATA CAPRESE<\/strong><br \/>\n<em>fresh burrata cheese, tomato and truffle paste<\/em><br \/>\n<strong>POLLA AL PARMIGIANA<\/strong><br \/>\n<em>grilled chicken breast with parmesan sauce<\/em><br \/>\n<strong>PANACOTTA<\/strong><\/p>\n<hr \/>\n<h2 style=\"text-align: center;\">Menu 2<\/h2>\n<p style=\"text-align: center;\">49,90\u20ac<\/p>\n<p style=\"text-align: center;\"><strong>ZUPAA DI POMODORO<\/strong><br \/>\n<em>tomato soup<\/em><br \/>\n<strong>FILETTO DI MANZO<\/strong><br \/>\n<em>grillattu naudan sis\u00e4filee, maustevoi, l\u00e4mpim\u00e4t vihannekset ja perunat<\/em><br \/>\n<strong>TIRAMISU<\/strong><\/p>\n<hr \/>\n<h2 style=\"text-align: center;\">Menu 3<\/h2>\n<p style=\"text-align: center;\">43,50\u20ac<\/p>\n<p style=\"text-align: center;\"><strong>BRUSCHETTA AL POMODORO<\/strong><br \/>\n<em>fresh tomato, red onion, garlic and basil<\/em><br \/>\n<strong>MELANZANA PARMIGIANA<\/strong><br \/>\n<em>eggplant-tomato casserole, mozzarella topping, basil, tomato sauce, parmesan<\/em><br \/>\n<strong>SORBETTI<\/strong><\/p>","protected":false},"excerpt":{"rendered":"<p>HUOM! Menu on saatavilla arkisin klo 15.00 j\u00e4lkeen ja lauantaisin jo aivan alussa Jokaisen menun kuuluu alkuruoka, p\u00e4\u00e4ruoka ja j\u00e4lkiruoka sek\u00e4 12cl talon puna- tai valkoviini Menu 1 44,50\u20ac BURRATA CAPRESE tuore burrata juusto, tomaatti ja tryffelitahna POLLA AL PARMIGIANA grillattu broilerin rintafilee parmesaanikastikkeella PANACOTTA&#8230;<\/p>","protected":false},"author":1,"featured_media":0,"parent":0,"menu_order":0,"comment_status":"closed","ping_status":"closed","template":"","meta":{"footnotes":""},"class_list":["post-8551","page","type-page","status-publish","hentry"],"_links":{"self":[{"href":"https:\/\/iltrio.fi\/en\/wp-json\/wp\/v2\/pages\/8551","targetHints":{"allow":["GET"]}}],"collection":[{"href":"https:\/\/iltrio.fi\/en\/wp-json\/wp\/v2\/pages"}],"about":[{"href":"https:\/\/iltrio.fi\/en\/wp-json\/wp\/v2\/types\/page"}],"author":[{"embeddable":true,"href":"https:\/\/iltrio.fi\/en\/wp-json\/wp\/v2\/users\/1"}],"replies":[{"embeddable":true,"href":"https:\/\/iltrio.fi\/en\/wp-json\/wp\/v2\/comments?post=8551"}],"version-history":[{"count":8,"href":"https:\/\/iltrio.fi\/en\/wp-json\/wp\/v2\/pages\/8551\/revisions"}],"predecessor-version":[{"id":9173,"href":"https:\/\/iltrio.fi\/en\/wp-json\/wp\/v2\/pages\/8551\/revisions\/9173"}],"wp:attachment":[{"href":"https:\/\/iltrio.fi\/en\/wp-json\/wp\/v2\/media?parent=8551"}],"curies":[{"name":"wp","href":"https:\/\/api.w.org\/{rel}","templated":true}]}}