{"id":8673,"date":"2024-02-10T11:48:39","date_gmt":"2024-02-10T09:48:39","guid":{"rendered":"https:\/\/iltrio.fi\/?page_id=8673"},"modified":"2025-02-11T20:33:34","modified_gmt":"2025-02-11T18:33:34","slug":"ystavanpaiva","status":"publish","type":"page","link":"https:\/\/iltrio.fi\/en\/ystavanpaiva\/","title":{"rendered":"Yst\u00e4v\u00e4np\u00e4iv\u00e4"},"content":{"rendered":"<div class=\"wpb-content-wrapper\"><div class=\"vc_row wpb_row vc_row-fluid eltd-section eltd-content-aligment-left\" style=\"\"><div class=\"clearfix eltd-full-section-inner\"><div class=\"wpb_column vc_column_container vc_col-sm-12\"><div class=\"vc_column-inner\"><div class=\"wpb_wrapper\">\n\t<div class=\"wpb_text_column wpb_content_element\" >\n\t\t<div class=\"wpb_wrapper\">\n\t\t\t<p style=\"text-align: center;\"><strong><span style=\"color: #ff0000;\"><img loading=\"lazy\" decoding=\"async\" class=\"alignnone wp-image-8676 size-full\" src=\"https:\/\/iltrio.fi\/wp-content\/uploads\/2024\/02\/ValentinesDay.png\" alt=\"\" width=\"349\" height=\"453\" srcset=\"https:\/\/iltrio.fi\/wp-content\/uploads\/2024\/02\/ValentinesDay.png 349w, https:\/\/iltrio.fi\/wp-content\/uploads\/2024\/02\/ValentinesDay-231x300.png 231w, https:\/\/iltrio.fi\/wp-content\/uploads\/2024\/02\/ValentinesDay-9x12.png 9w\" sizes=\"auto, (max-width: 349px) 100vw, 349px\" \/><\/span><\/strong><\/p>\n<h3 style=\"text-align: center;\">Muista varata p\u00f6yt\u00e4 hyviss\u00e4 ajoin<\/h3>\n\n\t\t<\/div>\n\t<\/div>\n<div data-eltd-parallax-speed=\"1\" class=\"vc_row wpb_row vc_inner vc_row-fluid eltd-section eltd-content-aligment-left\" style=\"\"><div class=\"eltd-full-section-inner\"><div class=\"wpb_column vc_column_container vc_col-sm-12\"><div class=\"vc_column-inner\"><div class=\"wpb_wrapper\">\n\t<div class=\"wpb_raw_code wpb_raw_html wpb_content_element\" >\n\t\t<div class=\"wpb_wrapper\">\n\t\t\t<code><center><div id=\"quandoo-booking-widget\"><\/div>\n\u00a0\u00a0\u00a0\u00a0\u00a0\u00a0<script src=\"https:\/\/booking-widget.quandoo.com\/index.js\" data-merchant-id=54885 data-theme=light data-primary-color=8d8421><\/script><\/center><\/code>\n\t\t<\/div>\n\t<\/div>\n<\/div><\/div><\/div><\/div><\/div><\/div><\/div><\/div><\/div><\/div>\n<\/div>","protected":false},"excerpt":{"rendered":"Muista varata p\u00f6yt\u00e4 hyviss\u00e4 ajoin \u00a0\u00a0\u00a0\u00a0\u00a0\u00a0","protected":false},"author":1,"featured_media":0,"parent":0,"menu_order":0,"comment_status":"closed","ping_status":"closed","template":"","meta":{"footnotes":""},"class_list":["post-8673","page","type-page","status-publish","hentry"],"_links":{"self":[{"href":"https:\/\/iltrio.fi\/en\/wp-json\/wp\/v2\/pages\/8673","targetHints":{"allow":["GET"]}}],"collection":[{"href":"https:\/\/iltrio.fi\/en\/wp-json\/wp\/v2\/pages"}],"about":[{"href":"https:\/\/iltrio.fi\/en\/wp-json\/wp\/v2\/types\/page"}],"author":[{"embeddable":true,"href":"https:\/\/iltrio.fi\/en\/wp-json\/wp\/v2\/users\/1"}],"replies":[{"embeddable":true,"href":"https:\/\/iltrio.fi\/en\/wp-json\/wp\/v2\/comments?post=8673"}],"version-history":[{"count":6,"href":"https:\/\/iltrio.fi\/en\/wp-json\/wp\/v2\/pages\/8673\/revisions"}],"predecessor-version":[{"id":8923,"href":"https:\/\/iltrio.fi\/en\/wp-json\/wp\/v2\/pages\/8673\/revisions\/8923"}],"wp:attachment":[{"href":"https:\/\/iltrio.fi\/en\/wp-json\/wp\/v2\/media?parent=8673"}],"curies":[{"name":"wp","href":"https:\/\/api.w.org\/{rel}","templated":true}]}}