{"id":8976,"date":"2025-05-02T08:58:31","date_gmt":"2025-05-02T06:58:31","guid":{"rendered":"https:\/\/iltrio.fi\/?page_id=8976"},"modified":"2026-04-11T22:15:45","modified_gmt":"2026-04-11T20:15:45","slug":"aitienpaiva","status":"publish","type":"page","link":"https:\/\/iltrio.fi\/en\/aitienpaiva\/","title":{"rendered":"\u00c4itienp\u00e4iv\u00e4"},"content":{"rendered":"<div class=\"wpb-content-wrapper\"><div class=\"vc_row wpb_row vc_row-fluid eltd-section eltd-content-aligment-left\" style=\"\"><div class=\"clearfix eltd-full-section-inner\"><div class=\"wpb_column vc_column_container vc_col-sm-12\"><div class=\"vc_column-inner\"><div class=\"wpb_wrapper\">\n\t<div class=\"wpb_text_column wpb_content_element\" >\n\t\t<div class=\"wpb_wrapper\">\n\t\t\t<p><img loading=\"lazy\" decoding=\"async\" class=\"aligncenter size-full wp-image-9237\" src=\"https:\/\/iltrio.fi\/wp-content\/uploads\/2026\/04\/Aitienpaivaa-2026.jpg\" alt=\"\" width=\"600\" height=\"850\" srcset=\"https:\/\/iltrio.fi\/wp-content\/uploads\/2026\/04\/Aitienpaivaa-2026.jpg 600w, https:\/\/iltrio.fi\/wp-content\/uploads\/2026\/04\/Aitienpaivaa-2026-212x300.jpg 212w, https:\/\/iltrio.fi\/wp-content\/uploads\/2026\/04\/Aitienpaivaa-2026-8x12.jpg 8w\" sizes=\"auto, (max-width: 600px) 100vw, 600px\" \/><\/p>\n\n\t\t<\/div>\n\t<\/div>\n<\/div><\/div><\/div><\/div><\/div>\n<\/div>","protected":false},"excerpt":{"rendered":"","protected":false},"author":1,"featured_media":0,"parent":0,"menu_order":0,"comment_status":"closed","ping_status":"closed","template":"","meta":{"footnotes":""},"class_list":["post-8976","page","type-page","status-publish","hentry"],"_links":{"self":[{"href":"https:\/\/iltrio.fi\/en\/wp-json\/wp\/v2\/pages\/8976","targetHints":{"allow":["GET"]}}],"collection":[{"href":"https:\/\/iltrio.fi\/en\/wp-json\/wp\/v2\/pages"}],"about":[{"href":"https:\/\/iltrio.fi\/en\/wp-json\/wp\/v2\/types\/page"}],"author":[{"embeddable":true,"href":"https:\/\/iltrio.fi\/en\/wp-json\/wp\/v2\/users\/1"}],"replies":[{"embeddable":true,"href":"https:\/\/iltrio.fi\/en\/wp-json\/wp\/v2\/comments?post=8976"}],"version-history":[{"count":2,"href":"https:\/\/iltrio.fi\/en\/wp-json\/wp\/v2\/pages\/8976\/revisions"}],"predecessor-version":[{"id":9238,"href":"https:\/\/iltrio.fi\/en\/wp-json\/wp\/v2\/pages\/8976\/revisions\/9238"}],"wp:attachment":[{"href":"https:\/\/iltrio.fi\/en\/wp-json\/wp\/v2\/media?parent=8976"}],"curies":[{"name":"wp","href":"https:\/\/api.w.org\/{rel}","templated":true}]}}